{"id":191,"date":"2020-05-23T08:41:46","date_gmt":"2020-05-23T08:41:46","guid":{"rendered":"https:\/\/azdemo.it\/?page_id=191"},"modified":"2020-12-28T09:34:52","modified_gmt":"2020-12-28T09:34:52","slug":"sviluppo-e-app","status":"publish","type":"page","link":"https:\/\/azdemo.it\/index.php\/sviluppo-e-app\/","title":{"rendered":"Creazione siti web &#8211; Sviluppo e app"},"content":{"rendered":"\t\t<div data-elementor-type=\"wp-page\" data-elementor-id=\"191\" class=\"elementor elementor-191\" data-elementor-post-type=\"page\">\n\t\t\t\t\t\t<section class=\"elementor-section elementor-top-section elementor-element elementor-element-5804582d elementor-section-boxed elementor-section-height-default elementor-section-height-default\" data-id=\"5804582d\" data-element_type=\"section\" data-e-type=\"section\">\n\t\t\t\t\t\t<div class=\"elementor-container elementor-column-gap-default\">\n\t\t\t\t\t<div class=\"elementor-column elementor-col-100 elementor-top-column elementor-element elementor-element-6a0c111a\" data-id=\"6a0c111a\" data-element_type=\"column\" data-e-type=\"column\">\n\t\t\t<div class=\"elementor-widget-wrap elementor-element-populated\">\n\t\t\t\t\t\t<div class=\"elementor-element elementor-element-6e95d1ed elementor-widget elementor-widget-text-editor\" data-id=\"6e95d1ed\" data-element_type=\"widget\" data-e-type=\"widget\" data-widget_type=\"text-editor.default\">\n\t\t\t\t\t\t\t\t\t<p>Il nostro primo scopo \u00e8 quello di costruire una vetrina sul web il pi\u00f9 possibile in sintonia con l&#8217;immagine, gli obiettivi e la personalit\u00e0 dei nostri clienti.<\/p><p>Lo strumento principale che usiamo \u00e8 WordPress, che attualmente costituisce il CSM pi\u00f9 usato e funzionale al mondo, grazie soprattutto alla sua relativa facilit\u00e0 di utilizzo, alla sua estrema dinamicit\u00e0 ed alla variegata implementabilit\u00e0 a basso costo. Sebbene attualmente esistano dei sistemi apparentemente pi\u00f9 intuitivi, WordPress fornisce la migliore adattabilit\u00e0 alla pi\u00f9 vasta gamma di esigenze, oltre ad essere gi\u00e0 conosciuto da una buona parte degli operatori, con ingente risparmio di tempo nella preparazione preliminare del personale.<\/p><p>Creazione siti web per ogni esigenza e per ogni dispositivo.<\/p><h4>1. Operazioni preliminari<\/h4><p>a. Individuazione degli obiettivi del cliente<br \/>b. Analisi delle risorse del cliente<br \/>c. Individuazione dei nomi dei prodotti e\/o delle aziende<br \/>c. Ricerca e registrazione dei domini web<br \/>d. Impostazione del piano hosting<\/p><h4>2. Pianificazione delle strategie<\/h4><p>a. Individuazione delle funzionalit\u00e0<br \/>b. Studio dell&#8217;interoperabilit\u00e0 delle risorse<br \/>c. Studio dei ruoli e delle mansioni del personale<br \/>d. Definizione finale del progetto web completo<\/p><h4>3. Grafiche<\/h4><p>a. Scelta del template<br \/>b. Impostazione dei colori, dei font e di ogni altro elemento grafico generico<br \/>c. Impostazione della grafica dominante (loghi, icone, ecc.)<\/p><h4>4. Front-end<\/h4><p>a. Installazione del CMS<br \/>b. Impostazioni di base del CMS<br \/>c. Installazione e configurazione del template grafico<br \/>d. Eventuali modifiche al template grafico<br \/>e. Impostazione del menu \/ struttura dei contenuti (categorie, pagine, ecc.)<\/p><h4>5. Back-end<\/h4><p>a. Impostazione degli account di gestione<br \/>b. Impostazione delle permissions iniziali<br \/>c. Impostazione dell&#8217;editor di base<br \/>d. Impostazione dell&#8217;interfaccia<br \/>e. Impostazione dell&#8217;editor di base<\/p><h4>6. Funzioni aggiuntive<\/h4><p>a. Installazione ed impostazione dei plugin<br \/>b. Eventuali modifiche dei plugin<br \/>c. Impostazione delle permissions sulla gestione dei plugin<\/p><h4>7. SEO, statistiche e report<\/h4><p>a. Impostazione del SEO per la tracciabilit\u00e0 dei motori di ricerca<br \/>b. Impostazione degli strumenti per le statistiche<br \/>d. Impostazione dei report \/ alert e delle statistiche.<\/p><h4>8. CRM, banners e newsletters<\/h4><p>a. Impostazione del CRM, (pannello di controllo degli utenti)<br \/>b. Impostazione del sistema di gestione dei banner<br \/>d. Impostazione del sistema di gestione delle newsletter.<\/p><h4>9. Controlli finali e upload del sito<\/h4><p>a. Verifica generale di ogni impostazione<br \/>b. Test del sito e di ogni funzionalit\u00e0<br \/>c. Upload del sito su server remoto in modalit\u00e0 protetta e\/o in versione non indicizzata dai motori di ricerca<\/p><h4>10. Istruzione del personale<\/h4><p>a. Tutoring presso le sedi operative del cliente<br \/>b. Sessioni telefoniche \/ on-line con eventuali videoconferenze<br \/>c. Vademecum completi e personalizzati disponibili nel back-end<br \/>d. Test e verifiche di apprendimento<\/p><h4>11. Lancio del sito<\/h4><p>a. Rimozione delle limitazioni di visibilit\u00e0<br \/>b. Verifica della visibilit\u00e0<\/p><h4>12. Lancio della APP (Android \/ Apple)<\/h4><p>a. Impostazione grafica<br \/>b. Impostazione dei contenuti sincronizzati con il sito web<br \/>c. Impostazione delle notifiche PUSH (alert sonori sui cellulari)<br \/>d. Test e verifiche<br \/>e. Pubblicazione in Google Play e in Apple store<\/p>\t\t\t\t\t\t\t\t<\/div>\n\t\t\t\t\t<\/div>\n\t\t<\/div>\n\t\t\t\t\t<\/div>\n\t\t<\/section>\n\t\t\t\t<\/div>\n\t\t","protected":false},"excerpt":{"rendered":"<p>Il nostro primo scopo \u00e8 quello di costruire una vetrina sul web il pi\u00f9 possibile in sintonia con l&#8217;immagine, gli obiettivi e la personalit\u00e0 dei nostri clienti. Lo strumento principale che usiamo \u00e8 WordPress, che attualmente costituisce il CSM pi\u00f9 usato e funzionale al mondo, grazie soprattutto alla sua relativa facilit\u00e0 di utilizzo, alla sua [&hellip;]<\/p>\n","protected":false},"author":3,"featured_media":0,"parent":0,"menu_order":0,"comment_status":"closed","ping_status":"closed","template":"elementor_header_footer","meta":{"_et_pb_use_builder":"","_et_pb_old_content":"","_et_gb_content_width":"","footnotes":""},"class_list":["post-191","page","type-page","status-publish","hentry"],"yoast_head":"<!-- This site is optimized with the Yoast SEO plugin v27.4 - https:\/\/yoast.com\/product\/yoast-seo-wordpress\/ -->\n<title>Creazione siti web - Sviluppo e app - AZ Tecnologia - Demosites<\/title>\n<meta name=\"description\" content=\"Oltre 30 ani di esperienza nella creazione di siti web in ogni tecnologia, visibili su ogni dispositivo e per ogni eseigenza.\" \/>\n<meta name=\"robots\" content=\"index, follow, max-snippet:-1, max-image-preview:large, max-video-preview:-1\" \/>\n<link rel=\"canonical\" href=\"https:\/\/azdemo.it\/index.php\/sviluppo-e-app\/\" \/>\n<meta property=\"og:locale\" content=\"it_IT\" \/>\n<meta property=\"og:type\" content=\"article\" \/>\n<meta property=\"og:title\" content=\"Creazione siti web - Sviluppo e app - AZ Tecnologia - Demosites\" \/>\n<meta property=\"og:description\" content=\"Oltre 30 ani di esperienza nella creazione di siti web in ogni tecnologia, visibili su ogni dispositivo e per ogni eseigenza.\" \/>\n<meta property=\"og:url\" content=\"https:\/\/azdemo.it\/index.php\/sviluppo-e-app\/\" \/>\n<meta property=\"og:site_name\" content=\"AZ Tecnologia - Demosites\" \/>\n<meta property=\"article:modified_time\" content=\"2020-12-28T09:34:52+00:00\" \/>\n<meta name=\"twitter:card\" content=\"summary_large_image\" \/>\n<meta name=\"twitter:label1\" content=\"Tempo di lettura stimato\" \/>\n\t<meta name=\"twitter:data1\" content=\"2 minuti\" \/>\n<script type=\"application\/ld+json\" class=\"yoast-schema-graph\">{\"@context\":\"https:\\\/\\\/schema.org\",\"@graph\":[{\"@type\":\"WebPage\",\"@id\":\"https:\\\/\\\/azdemo.it\\\/index.php\\\/sviluppo-e-app\\\/\",\"url\":\"https:\\\/\\\/azdemo.it\\\/index.php\\\/sviluppo-e-app\\\/\",\"name\":\"Creazione siti web - Sviluppo e app - AZ Tecnologia - Demosites\",\"isPartOf\":{\"@id\":\"https:\\\/\\\/azdemo.it\\\/#website\"},\"datePublished\":\"2020-05-23T08:41:46+00:00\",\"dateModified\":\"2020-12-28T09:34:52+00:00\",\"description\":\"Oltre 30 ani di esperienza nella creazione di siti web in ogni tecnologia, visibili su ogni dispositivo e per ogni eseigenza.\",\"breadcrumb\":{\"@id\":\"https:\\\/\\\/azdemo.it\\\/index.php\\\/sviluppo-e-app\\\/#breadcrumb\"},\"inLanguage\":\"it-IT\",\"potentialAction\":[{\"@type\":\"ReadAction\",\"target\":[\"https:\\\/\\\/azdemo.it\\\/index.php\\\/sviluppo-e-app\\\/\"]}]},{\"@type\":\"BreadcrumbList\",\"@id\":\"https:\\\/\\\/azdemo.it\\\/index.php\\\/sviluppo-e-app\\\/#breadcrumb\",\"itemListElement\":[{\"@type\":\"ListItem\",\"position\":1,\"name\":\"Home\",\"item\":\"https:\\\/\\\/azdemo.it\\\/\"},{\"@type\":\"ListItem\",\"position\":2,\"name\":\"Creazione siti web &#8211; Sviluppo e app\"}]},{\"@type\":\"WebSite\",\"@id\":\"https:\\\/\\\/azdemo.it\\\/#website\",\"url\":\"https:\\\/\\\/azdemo.it\\\/\",\"name\":\"AZ Tecnologia - Demosites\",\"description\":\"Alberto Zaccheroni\",\"publisher\":{\"@id\":\"https:\\\/\\\/azdemo.it\\\/#organization\"},\"potentialAction\":[{\"@type\":\"SearchAction\",\"target\":{\"@type\":\"EntryPoint\",\"urlTemplate\":\"https:\\\/\\\/azdemo.it\\\/?s={search_term_string}\"},\"query-input\":{\"@type\":\"PropertyValueSpecification\",\"valueRequired\":true,\"valueName\":\"search_term_string\"}}],\"inLanguage\":\"it-IT\"},{\"@type\":\"Organization\",\"@id\":\"https:\\\/\\\/azdemo.it\\\/#organization\",\"name\":\"AZ Tecnologia - Demosites\",\"url\":\"https:\\\/\\\/azdemo.it\\\/\",\"logo\":{\"@type\":\"ImageObject\",\"inLanguage\":\"it-IT\",\"@id\":\"https:\\\/\\\/azdemo.it\\\/#\\\/schema\\\/logo\\\/image\\\/\",\"url\":\"https:\\\/\\\/azdemo.it\\\/wp-content\\\/uploads\\\/2023\\\/05\\\/azdemo-icona.png\",\"contentUrl\":\"https:\\\/\\\/azdemo.it\\\/wp-content\\\/uploads\\\/2023\\\/05\\\/azdemo-icona.png\",\"width\":167,\"height\":167,\"caption\":\"AZ Tecnologia - Demosites\"},\"image\":{\"@id\":\"https:\\\/\\\/azdemo.it\\\/#\\\/schema\\\/logo\\\/image\\\/\"}}]}<\/script>\n<!-- \/ Yoast SEO plugin. -->","yoast_head_json":{"title":"Creazione siti web - Sviluppo e app - AZ Tecnologia - Demosites","description":"Oltre 30 ani di esperienza nella creazione di siti web in ogni tecnologia, visibili su ogni dispositivo e per ogni eseigenza.","robots":{"index":"index","follow":"follow","max-snippet":"max-snippet:-1","max-image-preview":"max-image-preview:large","max-video-preview":"max-video-preview:-1"},"canonical":"https:\/\/azdemo.it\/index.php\/sviluppo-e-app\/","og_locale":"it_IT","og_type":"article","og_title":"Creazione siti web - Sviluppo e app - AZ Tecnologia - Demosites","og_description":"Oltre 30 ani di esperienza nella creazione di siti web in ogni tecnologia, visibili su ogni dispositivo e per ogni eseigenza.","og_url":"https:\/\/azdemo.it\/index.php\/sviluppo-e-app\/","og_site_name":"AZ Tecnologia - Demosites","article_modified_time":"2020-12-28T09:34:52+00:00","twitter_card":"summary_large_image","twitter_misc":{"Tempo di lettura stimato":"2 minuti"},"schema":{"@context":"https:\/\/schema.org","@graph":[{"@type":"WebPage","@id":"https:\/\/azdemo.it\/index.php\/sviluppo-e-app\/","url":"https:\/\/azdemo.it\/index.php\/sviluppo-e-app\/","name":"Creazione siti web - Sviluppo e app - AZ Tecnologia - Demosites","isPartOf":{"@id":"https:\/\/azdemo.it\/#website"},"datePublished":"2020-05-23T08:41:46+00:00","dateModified":"2020-12-28T09:34:52+00:00","description":"Oltre 30 ani di esperienza nella creazione di siti web in ogni tecnologia, visibili su ogni dispositivo e per ogni eseigenza.","breadcrumb":{"@id":"https:\/\/azdemo.it\/index.php\/sviluppo-e-app\/#breadcrumb"},"inLanguage":"it-IT","potentialAction":[{"@type":"ReadAction","target":["https:\/\/azdemo.it\/index.php\/sviluppo-e-app\/"]}]},{"@type":"BreadcrumbList","@id":"https:\/\/azdemo.it\/index.php\/sviluppo-e-app\/#breadcrumb","itemListElement":[{"@type":"ListItem","position":1,"name":"Home","item":"https:\/\/azdemo.it\/"},{"@type":"ListItem","position":2,"name":"Creazione siti web &#8211; Sviluppo e app"}]},{"@type":"WebSite","@id":"https:\/\/azdemo.it\/#website","url":"https:\/\/azdemo.it\/","name":"AZ Tecnologia - Demosites","description":"Alberto Zaccheroni","publisher":{"@id":"https:\/\/azdemo.it\/#organization"},"potentialAction":[{"@type":"SearchAction","target":{"@type":"EntryPoint","urlTemplate":"https:\/\/azdemo.it\/?s={search_term_string}"},"query-input":{"@type":"PropertyValueSpecification","valueRequired":true,"valueName":"search_term_string"}}],"inLanguage":"it-IT"},{"@type":"Organization","@id":"https:\/\/azdemo.it\/#organization","name":"AZ Tecnologia - Demosites","url":"https:\/\/azdemo.it\/","logo":{"@type":"ImageObject","inLanguage":"it-IT","@id":"https:\/\/azdemo.it\/#\/schema\/logo\/image\/","url":"https:\/\/azdemo.it\/wp-content\/uploads\/2023\/05\/azdemo-icona.png","contentUrl":"https:\/\/azdemo.it\/wp-content\/uploads\/2023\/05\/azdemo-icona.png","width":167,"height":167,"caption":"AZ Tecnologia - Demosites"},"image":{"@id":"https:\/\/azdemo.it\/#\/schema\/logo\/image\/"}}]}},"_links":{"self":[{"href":"https:\/\/azdemo.it\/index.php\/wp-json\/wp\/v2\/pages\/191","targetHints":{"allow":["GET"]}}],"collection":[{"href":"https:\/\/azdemo.it\/index.php\/wp-json\/wp\/v2\/pages"}],"about":[{"href":"https:\/\/azdemo.it\/index.php\/wp-json\/wp\/v2\/types\/page"}],"author":[{"embeddable":true,"href":"https:\/\/azdemo.it\/index.php\/wp-json\/wp\/v2\/users\/3"}],"replies":[{"embeddable":true,"href":"https:\/\/azdemo.it\/index.php\/wp-json\/wp\/v2\/comments?post=191"}],"version-history":[{"count":0,"href":"https:\/\/azdemo.it\/index.php\/wp-json\/wp\/v2\/pages\/191\/revisions"}],"wp:attachment":[{"href":"https:\/\/azdemo.it\/index.php\/wp-json\/wp\/v2\/media?parent=191"}],"curies":[{"name":"wp","href":"https:\/\/api.w.org\/{rel}","templated":true}]}}